{"id":50,"date":"2025-02-09T17:04:50","date_gmt":"2025-02-09T16:04:50","guid":{"rendered":"http:\/\/localhost\/prueba\/?page_id=50"},"modified":"2025-10-23T16:48:44","modified_gmt":"2025-10-23T14:48:44","slug":"mi-historia","status":"publish","type":"page","link":"https:\/\/www.carlococuentacuentos.com\/en\/mi-historia\/","title":{"rendered":"My Story"},"content":{"rendered":"<div data-elementor-type=\"wp-page\" data-elementor-id=\"50\" class=\"elementor elementor-50\">\n\t\t\t\t<div class=\"elementor-element elementor-element-a38b577 e-flex e-con-boxed e-con e-parent\" data-id=\"a38b577\" data-element_type=\"container\" data-e-type=\"container\" data-settings=\"{&quot;background_background&quot;:&quot;classic&quot;}\">\n\t\t\t\t\t<div class=\"e-con-inner\">\n\t\t\t\t<div class=\"elementor-element elementor-element-aee2b0f elementor-widget elementor-widget-nav-menu\" data-id=\"aee2b0f\" data-element_type=\"widget\" data-e-type=\"widget\" data-widget_type=\"nav-menu.default\">\n\t\t\t\t<div class=\"elementor-widget-container\">\n\t\t\t\t\t \t\t\t\t<\/div>\n\t\t\t\t<\/div>\n\t\t\t\t\t<\/div>\n\t\t\t\t<\/div>\n\t\t<div class=\"elementor-element elementor-element-3448e0f e-flex e-con-boxed e-con e-parent\" data-id=\"3448e0f\" data-element_type=\"container\" data-e-type=\"container\" data-settings=\"{&quot;background_background&quot;:&quot;classic&quot;}\">\n\t\t\t\t\t<div class=\"e-con-inner\">\n\t\t<div class=\"elementor-element elementor-element-a56df8e e-con-full e-flex e-con e-child\" data-id=\"a56df8e\" data-element_type=\"container\" data-e-type=\"container\">\n\t\t\t\t<div class=\"elementor-element elementor-element-6b6e81f elementor-widget elementor-widget-image\" data-id=\"6b6e81f\" data-element_type=\"widget\" data-e-type=\"widget\" data-widget_type=\"image.default\">\n\t\t\t\t<div class=\"elementor-widget-container\">\n\t\t\t\t\t\t\t\t\t\t\t\t\t\t\t<img fetchpriority=\"high\" decoding=\"async\" width=\"2299\" height=\"2560\" src=\"https:\/\/www.carlococuentacuentos.com\/wp-content\/uploads\/2025\/02\/mi-historia-scaled.jpg\" class=\"attachment-full size-full wp-image-244\" alt=\"\" srcset=\"https:\/\/www.carlococuentacuentos.com\/wp-content\/uploads\/2025\/02\/mi-historia-scaled.jpg 2299w, https:\/\/www.carlococuentacuentos.com\/wp-content\/uploads\/2025\/02\/mi-historia-269x300.jpg 269w, https:\/\/www.carlococuentacuentos.com\/wp-content\/uploads\/2025\/02\/mi-historia-920x1024.jpg 920w, https:\/\/www.carlococuentacuentos.com\/wp-content\/uploads\/2025\/02\/mi-historia-768x855.jpg 768w, https:\/\/www.carlococuentacuentos.com\/wp-content\/uploads\/2025\/02\/mi-historia-1379x1536.jpg 1379w, https:\/\/www.carlococuentacuentos.com\/wp-content\/uploads\/2025\/02\/mi-historia-1839x2048.jpg 1839w\" sizes=\"(max-width: 2299px) 100vw, 2299px\" \/>\t\t\t\t\t\t\t\t\t\t\t\t\t\t\t<\/div>\n\t\t\t\t<\/div>\n\t\t\t\t<\/div>\n\t\t<div class=\"elementor-element elementor-element-38c2afe e-con-full e-flex e-con e-child\" data-id=\"38c2afe\" data-element_type=\"container\" data-e-type=\"container\">\n\t\t\t\t<div class=\"elementor-element elementor-element-34ee02c elementor-widget elementor-widget-spacer\" data-id=\"34ee02c\" data-element_type=\"widget\" data-e-type=\"widget\" data-widget_type=\"spacer.default\">\n\t\t\t\t<div class=\"elementor-widget-container\">\n\t\t\t\t\t\t\t<div class=\"elementor-spacer\">\n\t\t\t<div class=\"elementor-spacer-inner\"><\/div>\n\t\t<\/div>\n\t\t\t\t\t\t<\/div>\n\t\t\t\t<\/div>\n\t\t\t\t<div class=\"elementor-element elementor-element-c7cad19 elementor-hidden-tablet elementor-hidden-mobile elementor-widget elementor-widget-image\" data-id=\"c7cad19\" data-element_type=\"widget\" data-e-type=\"widget\" data-widget_type=\"image.default\">\n\t\t\t\t<div class=\"elementor-widget-container\">\n\t\t\t\t\t\t\t\t\t\t\t\t\t\t\t<img decoding=\"async\" width=\"350\" height=\"593\" src=\"https:\/\/www.carlococuentacuentos.com\/wp-content\/uploads\/2025\/02\/LOGO-CON-TEXTO-CARLOCO.png\" class=\"attachment-large size-large wp-image-17\" alt=\"\" \/>\t\t\t\t\t\t\t\t\t\t\t\t\t\t\t<\/div>\n\t\t\t\t<\/div>\n\t\t\t\t<div class=\"elementor-element elementor-element-1aca31d elementor-widget elementor-widget-heading\" data-id=\"1aca31d\" data-element_type=\"widget\" data-e-type=\"widget\" data-widget_type=\"heading.default\">\n\t\t\t\t<div class=\"elementor-widget-container\">\n\t\t\t\t\t<h2 class=\"elementor-heading-title elementor-size-default\">Carlos Arribas \u201cCarloco\u201d\n<\/h2>\t\t\t\t<\/div>\n\t\t\t\t<\/div>\n\t\t\t\t<div class=\"elementor-element elementor-element-834b325 elementor-widget elementor-widget-heading\" data-id=\"834b325\" data-element_type=\"widget\" data-e-type=\"widget\" data-widget_type=\"heading.default\">\n\t\t\t\t<div class=\"elementor-widget-container\">\n\t\t\t\t\t<h2 class=\"elementor-heading-title elementor-size-default\">My Story<\/h2>\t\t\t\t<\/div>\n\t\t\t\t<\/div>\n\t\t\t\t<\/div>\n\t\t\t\t\t<\/div>\n\t\t\t\t<\/div>\n\t\t<div class=\"elementor-element elementor-element-900d2a1 e-flex e-con-boxed e-con e-parent\" data-id=\"900d2a1\" data-element_type=\"container\" data-e-type=\"container\" data-settings=\"{&quot;background_background&quot;:&quot;classic&quot;}\">\n\t\t\t\t\t<div class=\"e-con-inner\">\n\t\t\t\t<div class=\"elementor-element elementor-element-4f07289 elementor-widget elementor-widget-spacer\" data-id=\"4f07289\" data-element_type=\"widget\" data-e-type=\"widget\" data-widget_type=\"spacer.default\">\n\t\t\t\t<div class=\"elementor-widget-container\">\n\t\t\t\t\t\t\t<div class=\"elementor-spacer\">\n\t\t\t<div class=\"elementor-spacer-inner\"><\/div>\n\t\t<\/div>\n\t\t\t\t\t\t<\/div>\n\t\t\t\t<\/div>\n\t\t\t\t<div class=\"elementor-element elementor-element-dda1a80 elementor-widget elementor-widget-text-editor\" data-id=\"dda1a80\" data-element_type=\"widget\" data-e-type=\"widget\" data-widget_type=\"text-editor.default\">\n\t\t\t\t<div class=\"elementor-widget-container\">\n\t\t\t\t\t\t\t\t\t<p class=\"cvGsUA direction-ltr align-start para-style-body\"><span class=\"OYPEnA font-feature-liga-off font-feature-clig-off font-feature-calt-off text-decoration-none text-strikethrough-none\">If you are reading this page, it means that you are interested in bringing stories and culture closer to your professional and personal environment. I would like to thank you for that. I would like to tell you more about myself and my career.<\/span><\/p><p class=\"cvGsUA direction-ltr align-start para-style-body\"><span class=\"OYPEnA font-feature-liga-off font-feature-clig-off font-feature-calt-off text-decoration-none text-strikethrough-none\">Although I have combined teaching with oral storytelling for many years, I currently focus on the latter, without losing the link with the school, as I conduct reading mediation workshops and training for teachers.<\/span><\/p><p class=\"cvGsUA direction-ltr align-start para-style-body\"><span class=\"OYPEnA font-feature-liga-off font-feature-clig-off font-feature-calt-off text-decoration-none text-strikethrough-none\">I started in 2002, which leads me to think that time passes too quickly but also that I keep the illusion that is needed to continue telling stories and working with and for people. I enjoy the moment of narrating, of looking into the eyes and the heart of those who listen to me, but also the moments before, the ones that involve thinking about what, how and why to tell.<\/span><\/p><p class=\"cvGsUA direction-ltr align-start para-style-body\"><span class=\"OYPEnA font-feature-liga-off font-feature-clig-off font-feature-calt-off text-decoration-none text-strikethrough-none\">On this page there is information about my work, but I would love to listen to you and to be able to adapt, if you need, to your interests and needs. So don't hesitate to contact me.<\/span><\/p>\t\t\t\t\t\t\t\t<\/div>\n\t\t\t\t<\/div>\n\t\t\t\t<div class=\"elementor-element elementor-element-0688132 elementor-widget elementor-widget-image\" data-id=\"0688132\" data-element_type=\"widget\" data-e-type=\"widget\" data-widget_type=\"image.default\">\n\t\t\t\t<div class=\"elementor-widget-container\">\n\t\t\t\t\t\t\t\t\t\t\t\t\t\t\t<img decoding=\"async\" width=\"270\" height=\"171\" src=\"https:\/\/www.carlococuentacuentos.com\/wp-content\/uploads\/2025\/02\/carloco.png\" class=\"attachment-large size-large wp-image-83\" alt=\"\" \/>\t\t\t\t\t\t\t\t\t\t\t\t\t\t\t<\/div>\n\t\t\t\t<\/div>\n\t\t\t\t<div class=\"elementor-element elementor-element-5af4250 elementor-widget elementor-widget-spacer\" data-id=\"5af4250\" data-element_type=\"widget\" data-e-type=\"widget\" data-widget_type=\"spacer.default\">\n\t\t\t\t<div class=\"elementor-widget-container\">\n\t\t\t\t\t\t\t<div class=\"elementor-spacer\">\n\t\t\t<div class=\"elementor-spacer-inner\"><\/div>\n\t\t<\/div>\n\t\t\t\t\t\t<\/div>\n\t\t\t\t<\/div>\n\t\t\t\t<div class=\"elementor-element elementor-element-d5df751 elementor-widget elementor-widget-text-editor\" data-id=\"d5df751\" data-element_type=\"widget\" data-e-type=\"widget\" data-widget_type=\"text-editor.default\">\n\t\t\t\t<div class=\"elementor-widget-container\">\n\t\t\t\t\t\t\t\t\t<p class=\"translation-block\"><strong>Download my CV and get to know all my professional background<\/strong><br><strong><a href=\"https:\/\/www.carlococuentacuentos.com\/wp-content\/uploads\/2025\/02\/CV-CARLOS-ARRIBAS-CARLOCO-RBM-SEVILLA.pdf\" target=\"_blank\" rel=\"noopener\">Download here<\/a><\/strong><\/p>\t\t\t\t\t\t\t\t<\/div>\n\t\t\t\t<\/div>\n\t\t\t\t\t<\/div>\n\t\t\t\t<\/div>\n\t\t<div class=\"elementor-element elementor-element-9237282 e-flex e-con-boxed e-con e-parent\" data-id=\"9237282\" data-element_type=\"container\" data-e-type=\"container\" data-settings=\"{&quot;background_background&quot;:&quot;classic&quot;}\">\n\t\t\t\t\t<div class=\"e-con-inner\">\n\t\t<div class=\"elementor-element elementor-element-3d547df e-con-full e-flex e-con e-child\" data-id=\"3d547df\" data-element_type=\"container\" data-e-type=\"container\">\n\t\t<div class=\"elementor-element elementor-element-2874fd0 e-con-full e-flex e-con e-child\" data-id=\"2874fd0\" data-element_type=\"container\" data-e-type=\"container\">\n\t\t\t\t<div class=\"elementor-element elementor-element-be6b0f5 elementor-widget elementor-widget-spacer\" data-id=\"be6b0f5\" data-element_type=\"widget\" data-e-type=\"widget\" data-widget_type=\"spacer.default\">\n\t\t\t\t<div class=\"elementor-widget-container\">\n\t\t\t\t\t\t\t<div class=\"elementor-spacer\">\n\t\t\t<div class=\"elementor-spacer-inner\"><\/div>\n\t\t<\/div>\n\t\t\t\t\t\t<\/div>\n\t\t\t\t<\/div>\n\t\t\t\t<div class=\"elementor-element elementor-element-edf13cf elementor-widget elementor-widget-heading\" data-id=\"edf13cf\" data-element_type=\"widget\" data-e-type=\"widget\" data-widget_type=\"heading.default\">\n\t\t\t\t<div class=\"elementor-widget-container\">\n\t\t\t\t\t<h2 class=\"elementor-heading-title elementor-size-default\">Contact<\/h2>\t\t\t\t<\/div>\n\t\t\t\t<\/div>\n\t\t\t\t<div class=\"elementor-element elementor-element-d7cdd81 elementor-widget elementor-widget-text-editor\" data-id=\"d7cdd81\" data-element_type=\"widget\" data-e-type=\"widget\" data-widget_type=\"text-editor.default\">\n\t\t\t\t<div class=\"elementor-widget-container\">\n\t\t\t\t\t\t\t\t\t<p><span class=\"OYPEnA font-feature-liga-off font-feature-clig-off font-feature-calt-off text-decoration-none text-strikethrough-none\">For hiring, doubts and suggestions you can contact me through this form<\/span><\/p>\t\t\t\t\t\t\t\t<\/div>\n\t\t\t\t<\/div>\n\t\t\t\t<div class=\"elementor-element elementor-element-a3b25f0 elementor-widget elementor-widget-form\" data-id=\"a3b25f0\" data-element_type=\"widget\" data-e-type=\"widget\" data-widget_type=\"form.default\">\n\t\t\t\t<div class=\"elementor-widget-container\">\n\t\t\t\t\t \t\t\t\t<\/div>\n\t\t\t\t<\/div>\n\t\t\t\t<\/div>\n\t\t<div class=\"elementor-element elementor-element-d077530 e-con-full e-flex e-con e-child\" data-id=\"d077530\" data-element_type=\"container\" data-e-type=\"container\">\n\t\t\t\t<div class=\"elementor-element elementor-element-1d6b429 elementor-widget elementor-widget-image\" data-id=\"1d6b429\" data-element_type=\"widget\" data-e-type=\"widget\" data-widget_type=\"image.default\">\n\t\t\t\t<div class=\"elementor-widget-container\">\n\t\t\t\t\t\t\t\t\t\t\t\t\t\t\t<img loading=\"lazy\" decoding=\"async\" width=\"800\" height=\"800\" src=\"https:\/\/www.carlococuentacuentos.com\/wp-content\/uploads\/2025\/02\/infos-moitte-11.png\" class=\"attachment-large size-large wp-image-38\" alt=\"\" \/>\t\t\t\t\t\t\t\t\t\t\t\t\t\t\t<\/div>\n\t\t\t\t<\/div>\n\t\t\t\t<div class=\"elementor-element elementor-element-4a36c10 elementor-widget elementor-widget-heading\" data-id=\"4a36c10\" data-element_type=\"widget\" data-e-type=\"widget\" data-widget_type=\"heading.default\">\n\t\t\t\t<div class=\"elementor-widget-container\">\n\t\t\t\t\t<h2 class=\"elementor-heading-title elementor-size-default\">Other Contact Information<\/h2>\t\t\t\t<\/div>\n\t\t\t\t<\/div>\n\t\t\t\t<div class=\"elementor-element elementor-element-3a8bded elementor-widget elementor-widget-text-editor\" data-id=\"3a8bded\" data-element_type=\"widget\" data-e-type=\"widget\" data-widget_type=\"text-editor.default\">\n\t\t\t\t<div class=\"elementor-widget-container\">\n\t\t\t\t\t\t\t\t\t<p>Phone: 656 98 36 25<br \/>Email: carlococuentacuentos@gmail.com<\/p>\t\t\t\t\t\t\t\t<\/div>\n\t\t\t\t<\/div>\n\t\t\t\t<\/div>\n\t\t\t\t<\/div>\n\t\t\t\t\t<\/div>\n\t\t\t\t<\/div>\n\t\t<div class=\"elementor-element elementor-element-8de2e62 e-flex e-con-boxed e-con e-parent\" data-id=\"8de2e62\" data-element_type=\"container\" data-e-type=\"container\" data-settings=\"{&quot;background_background&quot;:&quot;classic&quot;}\">\n\t\t\t\t\t<div class=\"e-con-inner\">\n\t\t<div class=\"elementor-element elementor-element-38d0fb6 e-con-full e-flex e-con e-child\" data-id=\"38d0fb6\" data-element_type=\"container\" data-e-type=\"container\">\n\t\t\t\t<div class=\"elementor-element elementor-element-d7d782c elementor-widget elementor-widget-image\" data-id=\"d7d782c\" data-element_type=\"widget\" data-e-type=\"widget\" data-widget_type=\"image.default\">\n\t\t\t\t<div class=\"elementor-widget-container\">\n\t\t\t\t\t\t\t\t\t\t\t\t\t\t\t<img loading=\"lazy\" decoding=\"async\" width=\"2732\" height=\"394\" src=\"https:\/\/www.carlococuentacuentos.com\/wp-content\/uploads\/2025\/02\/upscalemedia-transformed.png\" class=\"attachment-full size-full wp-image-186\" alt=\"\" srcset=\"https:\/\/www.carlococuentacuentos.com\/wp-content\/uploads\/2025\/02\/upscalemedia-transformed.png 2732w, https:\/\/www.carlococuentacuentos.com\/wp-content\/uploads\/2025\/02\/upscalemedia-transformed-300x43.png 300w, https:\/\/www.carlococuentacuentos.com\/wp-content\/uploads\/2025\/02\/upscalemedia-transformed-1024x148.png 1024w, https:\/\/www.carlococuentacuentos.com\/wp-content\/uploads\/2025\/02\/upscalemedia-transformed-768x111.png 768w, https:\/\/www.carlococuentacuentos.com\/wp-content\/uploads\/2025\/02\/upscalemedia-transformed-1536x222.png 1536w, https:\/\/www.carlococuentacuentos.com\/wp-content\/uploads\/2025\/02\/upscalemedia-transformed-2048x295.png 2048w\" sizes=\"(max-width: 2732px) 100vw, 2732px\" \/>\t\t\t\t\t\t\t\t\t\t\t\t\t\t\t<\/div>\n\t\t\t\t<\/div>\n\t\t\t\t<\/div>\n\t\t\t\t\t<\/div>\n\t\t\t\t<\/div>\n\t\t\t\t<\/div>","protected":false},"excerpt":{"rendered":"<p>Carlos Arribas \u201cCarloco\u201d Mi Historia Si est\u00e1s leyendo esta p\u00e1gina, quiere decir que est\u00e1s interesado o interesada en acercar los cuentos y la cultura a tu entorno profesional y personal. Darte las gracias ya por eso. Me apetece contarte algo m\u00e1s sobre mi persona y mi trayectoria profesional. Aunque he compaginado muchos a\u00f1os la docencia [&hellip;]<\/p>\n","protected":false},"author":1,"featured_media":0,"parent":0,"menu_order":0,"comment_status":"closed","ping_status":"closed","template":"elementor_canvas","meta":{"footnotes":""},"class_list":["post-50","page","type-page","status-publish","hentry"],"_links":{"self":[{"href":"https:\/\/www.carlococuentacuentos.com\/en\/wp-json\/wp\/v2\/pages\/50","targetHints":{"allow":["GET"]}}],"collection":[{"href":"https:\/\/www.carlococuentacuentos.com\/en\/wp-json\/wp\/v2\/pages"}],"about":[{"href":"https:\/\/www.carlococuentacuentos.com\/en\/wp-json\/wp\/v2\/types\/page"}],"author":[{"embeddable":true,"href":"https:\/\/www.carlococuentacuentos.com\/en\/wp-json\/wp\/v2\/users\/1"}],"replies":[{"embeddable":true,"href":"https:\/\/www.carlococuentacuentos.com\/en\/wp-json\/wp\/v2\/comments?post=50"}],"version-history":[{"count":31,"href":"https:\/\/www.carlococuentacuentos.com\/en\/wp-json\/wp\/v2\/pages\/50\/revisions"}],"predecessor-version":[{"id":355,"href":"https:\/\/www.carlococuentacuentos.com\/en\/wp-json\/wp\/v2\/pages\/50\/revisions\/355"}],"wp:attachment":[{"href":"https:\/\/www.carlococuentacuentos.com\/en\/wp-json\/wp\/v2\/media?parent=50"}],"curies":[{"name":"wp","href":"https:\/\/api.w.org\/{rel}","templated":true}]}}